{"id":110,"date":"2024-08-23T13:53:29","date_gmt":"2024-08-23T11:53:29","guid":{"rendered":"https:\/\/geo-min.com\/?page_id=110"},"modified":"2024-09-09T10:59:05","modified_gmt":"2024-09-09T08:59:05","slug":"contacto","status":"publish","type":"page","link":"https:\/\/geo-min.com\/es\/contacto\/","title":{"rendered":"CONTACTO"},"content":{"rendered":"[et_pb_section fb_built=\u00bb1&#8243; admin_label=\u00bbHero\u00bb _builder_version=\u00bb4.27.0&#8243; use_background_color_gradient=\u00bbon\u00bb background_color_gradient_type=\u00bbcircular\u00bb background_color_gradient_direction_radial=\u00bbtop right\u00bb background_color_gradient_stops=\u00bb#210b00 10%|rgba(33,25,21,0) 100%\u00bb background_color_gradient_overlays_image=\u00bbon\u00bb background_color_gradient_start=\u00bb#210b00&#8243; background_color_gradient_start_position=\u00bb10%\u00bb background_color_gradient_end=\u00bbrgba(33,25,21,0)\u00bb background_image=\u00bbhttps:\/\/geo-min.com\/wp-content\/uploads\/2024\/08\/Estudio-paisajistico.jpg\u00bb custom_padding=\u00bb80px|0|80px||true|false\u00bb global_colors_info=\u00bb{}\u00bb][et_pb_row _builder_version=\u00bb4.16&#8243; custom_margin=\u00bb|||\u00bb global_colors_info=\u00bb{}\u00bb][et_pb_column type=\u00bb4_4&#8243; _builder_version=\u00bb4.16&#8243; custom_padding=\u00bb|||\u00bb global_colors_info=\u00bb{}\u00bb custom_padding__hover=\u00bb|||\u00bb][et_pb_text _builder_version=\u00bb4.27.0&#8243; text_font=\u00bbOpen Sans||||||||\u00bb text_font_size=\u00bb20px\u00bb text_line_height=\u00bb2em\u00bb header_font=\u00bb|800||on|||||\u00bb header_font_size=\u00bb68px\u00bb header_line_height=\u00bb1.4em\u00bb background_layout=\u00bbdark\u00bb max_width=\u00bb700px\u00bb text_font_size_tablet=\u00bb\u00bb text_font_size_phone=\u00bb16px\u00bb text_font_size_last_edited=\u00bbon|phone\u00bb header_font_size_tablet=\u00bb44px\u00bb header_font_size_phone=\u00bb24px\u00bb header_font_size_last_edited=\u00bbon|desktop\u00bb header_line_height_tablet=\u00bb1.4em\u00bb header_line_height_phone=\u00bb1.4em\u00bb header_line_height_last_edited=\u00bbon|desktop\u00bb global_colors_info=\u00bb{}\u00bb]\n<h1>Contacta con nosotros<\/h1>\n<p style=\"text-align: justify;\">Contacta con Geo-Min para resolver cualquier duda sobre nuestros servicios o solicitar un presupuesto.<\/p>\n[\/et_pb_text][\/et_pb_column][\/et_pb_row][\/et_pb_section][et_pb_section fb_built=\u00bb1&#8243; admin_label=\u00bbTestimonial\u00bb _builder_version=\u00bb4.27.0&#8243; background_image=\u00bbhttps:\/\/geo-min.com\/wp-content\/uploads\/2024\/08\/FONS-02.png\u00bb custom_margin=\u00bb-22px|||||\u00bb custom_padding=\u00bb4px|0px|18px|0px|false|false\u00bb locked=\u00bboff\u00bb global_colors_info=\u00bb{}\u00bb][et_pb_row column_structure=\u00bb1_2,1_2&#8243; use_custom_gutter=\u00bbon\u00bb gutter_width=\u00bb1&#8243; padding_top_bottom_link_2=\u00bbtrue\u00bb padding_left_right_link_2=\u00bbtrue\u00bb _builder_version=\u00bb4.27.0&#8243; custom_margin=\u00bb|auto|64px|auto||\u00bb custom_padding=\u00bb89px|0px|4px|0px|false|false\u00bb animation_style=\u00bbslide\u00bb animation_direction=\u00bbtop\u00bb animation_intensity_slide=\u00bb20%\u00bb locked=\u00bboff\u00bb global_colors_info=\u00bb{}\u00bb][et_pb_column type=\u00bb1_2&#8243; _builder_version=\u00bb4.16&#8243; custom_padding=\u00bb50px|50px|50px|50px\u00bb custom_padding_tablet=\u00bb50px|50px|50px|50px\u00bb custom_padding_phone=\u00bb20px|10%|20px|10%|true|true\u00bb custom_padding_last_edited=\u00bbon|phone\u00bb global_colors_info=\u00bb{}\u00bb padding_phone=\u00bb20px|10%|20px|10%|true|true\u00bb padding_last_edited=\u00bbon|phone\u00bb custom_padding__hover=\u00bb|||\u00bb][et_pb_blurb title=\u00bbTEL\u00c9FONO\u00bb use_icon=\u00bbon\u00bb font_icon=\u00bb&#xe090;||divi||400&#8243; icon_color=\u00bb#f47750&#8243; icon_placement=\u00bbleft\u00bb _builder_version=\u00bb4.27.0&#8243; _module_preset=\u00bbdefault\u00bb header_level=\u00bbh3&#8243; header_font=\u00bb|700|||||||\u00bb body_font=\u00bb|700|||||||\u00bb custom_margin=\u00bb-45px||||false|false\u00bb custom_margin_tablet=\u00bb-11px|||||\u00bb custom_margin_phone=\u00bb-50px||||false|false\u00bb custom_margin_last_edited=\u00bbon|phone\u00bb global_colors_info=\u00bb{}\u00bb]\n<p>695 37 08 44<\/p>\n[\/et_pb_blurb][et_pb_blurb title=\u00bbCORREO ELECTR\u00d3NICO\u00bb use_icon=\u00bbon\u00bb font_icon=\u00bb&#xe076;||divi||400&#8243; icon_color=\u00bb#f47750&#8243; icon_placement=\u00bbleft\u00bb _builder_version=\u00bb4.27.0&#8243; _module_preset=\u00bbdefault\u00bb header_level=\u00bbh3&#8243; header_font=\u00bb|700|||||||\u00bb body_font=\u00bb|700|||||||\u00bb custom_padding=\u00bb50px|||||\u00bb global_colors_info=\u00bb{}\u00bb]\n<p>info@geo-min.com<\/p>\n[\/et_pb_blurb][et_pb_blurb title=\u00bbOFICINAS\u00bb use_icon=\u00bbon\u00bb font_icon=\u00bb&#xf3c5;||fa||900&#8243; icon_color=\u00bb#f47750&#8243; icon_placement=\u00bbleft\u00bb _builder_version=\u00bb4.27.0&#8243; _module_preset=\u00bbdefault\u00bb header_level=\u00bbh3&#8243; header_font=\u00bb|700|||||||\u00bb body_font=\u00bb|700|||||||\u00bb custom_padding=\u00bb44px|||||\u00bb global_colors_info=\u00bb{}\u00bb]\n<p>Tarragona<\/p>\n[\/et_pb_blurb][\/et_pb_column][et_pb_column type=\u00bb1_2&#8243; _builder_version=\u00bb4.16&#8243; custom_padding=\u00bb|||\u00bb global_colors_info=\u00bb{}\u00bb custom_padding__hover=\u00bb|||\u00bb][et_pb_contact_form use_spam_service=\u00bbon\u00bb recaptcha_list=\u00bbRecaptcha Web Geo-Min|Recaptcha Web Geo-Min-0&#8243; _builder_version=\u00bb4.27.0&#8243; _module_preset=\u00bbdefault\u00bb _unique_id=\u00bb24957cea-bc33-405c-8b6a-fe86f44484eb\u00bb custom_button=\u00bbon\u00bb button_text_color=\u00bb#FFFFFF\u00bb button_bg_color=\u00bb#f47750&#8243; button_border_color=\u00bb#dd9000&#8243; custom_margin_tablet=\u00bb\u00bb custom_margin_phone=\u00bb40px||||false|false\u00bb custom_margin_last_edited=\u00bbon|phone\u00bb hover_enabled=\u00bb0&#8243; global_colors_info=\u00bb{}\u00bb email=\u00bbinfo@geo-min.com\u00bb sticky_enabled=\u00bb0&#8243;][et_pb_contact_field field_id=\u00bbName\u00bb field_title=\u00bbNombre\u00bb _builder_version=\u00bb4.16&#8243; global_colors_info=\u00bb{}\u00bb button_text_size__hover_enabled=\u00bboff\u00bb button_one_text_size__hover_enabled=\u00bboff\u00bb button_two_text_size__hover_enabled=\u00bboff\u00bb button_text_color__hover_enabled=\u00bboff\u00bb button_one_text_color__hover_enabled=\u00bboff\u00bb button_two_text_color__hover_enabled=\u00bboff\u00bb button_border_width__hover_enabled=\u00bboff\u00bb button_one_border_width__hover_enabled=\u00bboff\u00bb button_two_border_width__hover_enabled=\u00bboff\u00bb button_border_color__hover_enabled=\u00bboff\u00bb button_one_border_color__hover_enabled=\u00bboff\u00bb button_two_border_color__hover_enabled=\u00bboff\u00bb button_border_radius__hover_enabled=\u00bboff\u00bb button_one_border_radius__hover_enabled=\u00bboff\u00bb button_two_border_radius__hover_enabled=\u00bboff\u00bb button_letter_spacing__hover_enabled=\u00bboff\u00bb button_one_letter_spacing__hover_enabled=\u00bboff\u00bb button_two_letter_spacing__hover_enabled=\u00bboff\u00bb button_bg_color__hover_enabled=\u00bboff\u00bb button_one_bg_color__hover_enabled=\u00bboff\u00bb button_two_bg_color__hover_enabled=\u00bboff\u00bb][\/et_pb_contact_field][et_pb_contact_field field_id=\u00bbEmail\u00bb field_title=\u00bbCorreo electr\u00f3nico\u00bb field_type=\u00bbemail\u00bb _builder_version=\u00bb4.27.0&#8243; global_colors_info=\u00bb{}\u00bb button_text_size__hover_enabled=\u00bboff\u00bb button_one_text_size__hover_enabled=\u00bboff\u00bb button_two_text_size__hover_enabled=\u00bboff\u00bb button_text_color__hover_enabled=\u00bboff\u00bb button_one_text_color__hover_enabled=\u00bboff\u00bb button_two_text_color__hover_enabled=\u00bboff\u00bb button_border_width__hover_enabled=\u00bboff\u00bb button_one_border_width__hover_enabled=\u00bboff\u00bb button_two_border_width__hover_enabled=\u00bboff\u00bb button_border_color__hover_enabled=\u00bboff\u00bb button_one_border_color__hover_enabled=\u00bboff\u00bb button_two_border_color__hover_enabled=\u00bboff\u00bb button_border_radius__hover_enabled=\u00bboff\u00bb button_one_border_radius__hover_enabled=\u00bboff\u00bb button_two_border_radius__hover_enabled=\u00bboff\u00bb button_letter_spacing__hover_enabled=\u00bboff\u00bb button_one_letter_spacing__hover_enabled=\u00bboff\u00bb button_two_letter_spacing__hover_enabled=\u00bboff\u00bb button_bg_color__hover_enabled=\u00bboff\u00bb button_one_bg_color__hover_enabled=\u00bboff\u00bb button_two_bg_color__hover_enabled=\u00bboff\u00bb][\/et_pb_contact_field][et_pb_contact_field field_id=\u00bbMessage\u00bb field_title=\u00bbMensaje\u00bb field_type=\u00bbtext\u00bb fullwidth_field=\u00bbon\u00bb _builder_version=\u00bb4.16&#8243; global_colors_info=\u00bb{}\u00bb button_text_size__hover_enabled=\u00bboff\u00bb button_one_text_size__hover_enabled=\u00bboff\u00bb button_two_text_size__hover_enabled=\u00bboff\u00bb button_text_color__hover_enabled=\u00bboff\u00bb button_one_text_color__hover_enabled=\u00bboff\u00bb button_two_text_color__hover_enabled=\u00bboff\u00bb button_border_width__hover_enabled=\u00bboff\u00bb button_one_border_width__hover_enabled=\u00bboff\u00bb button_two_border_width__hover_enabled=\u00bboff\u00bb button_border_color__hover_enabled=\u00bboff\u00bb button_one_border_color__hover_enabled=\u00bboff\u00bb button_two_border_color__hover_enabled=\u00bboff\u00bb button_border_radius__hover_enabled=\u00bboff\u00bb button_one_border_radius__hover_enabled=\u00bboff\u00bb button_two_border_radius__hover_enabled=\u00bboff\u00bb button_letter_spacing__hover_enabled=\u00bboff\u00bb button_one_letter_spacing__hover_enabled=\u00bboff\u00bb button_two_letter_spacing__hover_enabled=\u00bboff\u00bb button_bg_color__hover_enabled=\u00bboff\u00bb button_one_bg_color__hover_enabled=\u00bboff\u00bb button_two_bg_color__hover_enabled=\u00bboff\u00bb][\/et_pb_contact_field][\/et_pb_contact_form][\/et_pb_column][\/et_pb_row][et_pb_row _builder_version=\u00bb4.27.0&#8243; _module_preset=\u00bbdefault\u00bb custom_margin=\u00bb-41px|auto||auto||\u00bb custom_padding=\u00bb||0px|||\u00bb locked=\u00bboff\u00bb global_colors_info=\u00bb{}\u00bb][et_pb_column type=\u00bb4_4&#8243; _builder_version=\u00bb4.27.0&#8243; _module_preset=\u00bbdefault\u00bb global_colors_info=\u00bb{}\u00bb][et_pb_code _builder_version=\u00bb4.27.0&#8243; _module_preset=\u00bbdefault\u00bb global_colors_info=\u00bb{}\u00bb]<span class=\"collapseomatic \" id=\"id69fc953f53ce8\"  tabindex=\"0\" title=\"\"    ><\/span><div id=\"target-id69fc953f53ce8\" class=\"collapseomatic_content \"><!-- [et_pb_line_break_holder] --><!-- [et_pb_line_break_holder] -->En Geo-Min, estamos comprometido con la excelencia y la sostenibilidad en cada proyecto que asumimos. Nuestro liderazgo est\u00e1 a cargo de Jos\u00e9 Antonio L\u00f3pez Vales, Ingeniero T\u00e9cnico de Minas por la Universidad Polit\u00e9cnica de Catalu\u00f1a (UPC), con especializaci\u00f3n en Explotaci\u00f3n de Minas y Explosivos. Adem\u00e1s, cuento con formaci\u00f3n avanzada, incluyendo un MBA en Gesti\u00f3n de Empresas, un M\u00e1ster en Prevenci\u00f3n de Riesgos Laborales, y un M\u00e1ster en Ingenier\u00eda Ambiental y Producci\u00f3n Sostenible. Ponte en contacto con Geo-Min.<!-- [et_pb_line_break_holder] --><!-- [et_pb_line_break_holder] -->Nuestra experiencia en el sector se extiende a lo largo de m\u00e1s de 18 a\u00f1os, durante los cuales hemos trabajado en diversas \u00e1reas como la gesti\u00f3n de residuos, consultor\u00eda en seguridad y salud en obras de construcci\u00f3n, y m\u00e1s de 10 a\u00f1os en la formaci\u00f3n. En Geo-Min, combinamos esta vasta experiencia con un enfoque integral que abarca desde la construcci\u00f3n y legalizaci\u00f3n de pozos de agua, hasta la direcci\u00f3n de explotaciones mineras y la formaci\u00f3n en PRL, gesti\u00f3n de residuos y medioambiental.Ponte en contacto con Geo-Min.<!-- [et_pb_line_break_holder] --><!-- [et_pb_line_break_holder] -->Nuestro compromiso es ofrecer soluciones t\u00e9cnicas eficientes, que no solo cumplan con la normativa vigente, sino que tambi\u00e9n promuevan la sostenibilidad y el respeto por el medioambiente.<!-- [et_pb_line_break_holder] --><!-- [et_pb_line_break_holder] -->En Geo-Min, nos enorgullece ofrecer servicios integrales que cubren todos los aspectos de la geolog\u00eda y la miner\u00eda. Nuestro compromiso con la innovaci\u00f3n, la sostenibilidad y la excelencia t\u00e9cnica nos permite proporcionar soluciones personalizadas que se adaptan a las necesidades espec\u00edficas de cada proyecto. Si est\u00e1s buscando un socio de confianza para impulsar tus proyectos mineros, no dudes en contactar con nosotros. Descubre c\u00f3mo podemos ayudarte a llevar tu proyecto al siguiente nivel. Ponte en contacto con Geo-Min.<!-- [et_pb_line_break_holder] --><!-- [et_pb_line_break_holder] -->Nuestra Misi\u00f3n<!-- [et_pb_line_break_holder] -->Nuestra misi\u00f3n en Geo-Min es proporcionar soluciones t\u00e9cnicas de alta calidad en los campos de la miner\u00eda, gesti\u00f3n de aguas y medioambiente. Nos comprometemos a combinar nuestra experiencia y conocimiento con un enfoque sostenible.<!-- [et_pb_line_break_holder] --><!-- [et_pb_line_break_holder] --><a href=\"https:\/\/www.linkedin.com\/in\/jose-antonio-lopez-vales-73202730?originalSubdomain=es\">Sobre nosotros<\/a><!-- [et_pb_line_break_holder] --><!-- [et_pb_line_break_holder] --><a href=\"https:\/\/geo-min.com\/contacto\/\">Contacto<\/a><!-- [et_pb_line_break_holder] --><!-- [et_pb_line_break_holder] --><\/div><!-- [et_pb_line_break_holder] --><!-- [et_pb_line_break_holder] -->[\/et_pb_code][\/et_pb_column][\/et_pb_row][\/et_pb_section]\n","protected":false},"excerpt":{"rendered":"<p>Contacta con nosotros Contacta con Geo-Min para resolver cualquier duda sobre nuestros servicios o solicitar un presupuesto.695 37 08 44info@geo-min.comTarragona<span class=\"collapseomatic \" id=\"id69fc953f64c1a\"  tabindex=\"0\" title=\"\"    ><\/span>En Geo-Min, estamos comprometido con la excelencia y la sostenibilidad en cada proyecto que asumimos. Nuestro liderazgo est\u00e1 a cargo de Jos\u00e9 Antonio L\u00f3pez Vales, Ingeniero T\u00e9cnico de Minas por la Universidad Polit\u00e9cnica de Catalu\u00f1a [&hellip;]<\/p>\n","protected":false},"author":1,"featured_media":75,"parent":0,"menu_order":0,"comment_status":"closed","ping_status":"closed","template":"","meta":{"_et_pb_use_builder":"on","_et_pb_old_content":"","_et_gb_content_width":"","footnotes":""},"class_list":["post-110","page","type-page","status-publish","has-post-thumbnail","hentry"],"yoast_head":"<!-- This site is optimized with the Yoast SEO plugin v27.5 - https:\/\/yoast.com\/product\/yoast-seo-wordpress\/ -->\n<title>CONTACTO - GEO-MIN | Oficina T\u00e8cnica Minera<\/title>\n<meta name=\"description\" content=\"Contacto: escibenos a Geo-Min para resolver cualquier duda sobre nuestros servicios o solicitar un presupuesto personalizado para tu proyecto\" \/>\n<meta name=\"robots\" content=\"index, follow, max-snippet:-1, max-image-preview:large, max-video-preview:-1\" \/>\n<link rel=\"canonical\" href=\"https:\/\/geo-min.com\/contacto\/\" \/>\n<meta property=\"og:locale\" content=\"es_ES\" \/>\n<meta property=\"og:type\" content=\"article\" \/>\n<meta property=\"og:title\" content=\"CONTACTO - GEO-MIN | Oficina T\u00e8cnica Minera\" \/>\n<meta property=\"og:description\" content=\"Contacto: escibenos a Geo-Min para resolver cualquier duda sobre nuestros servicios o solicitar un presupuesto personalizado para tu proyecto\" \/>\n<meta property=\"og:url\" content=\"https:\/\/geo-min.com\/contacto\/\" \/>\n<meta property=\"og:site_name\" content=\"GEO-MIN | Oficina T\u00e8cnica Minera\" \/>\n<meta property=\"article:modified_time\" content=\"2024-09-09T08:59:05+00:00\" \/>\n<meta property=\"og:image\" content=\"https:\/\/geo-min.com\/wp-content\/uploads\/2024\/08\/Mina.jpg\" \/>\n\t<meta property=\"og:image:width\" content=\"800\" \/>\n\t<meta property=\"og:image:height\" content=\"800\" \/>\n\t<meta property=\"og:image:type\" content=\"image\/jpeg\" \/>\n<meta name=\"twitter:label1\" content=\"Tiempo de lectura\" \/>\n\t<meta name=\"twitter:data1\" content=\"2 minutos\" \/>\n<script type=\"application\/ld+json\" class=\"yoast-schema-graph\">{\"@context\":\"https:\\\/\\\/schema.org\",\"@graph\":[{\"@type\":\"WebPage\",\"@id\":\"https:\\\/\\\/geo-min.com\\\/contacto\\\/\",\"url\":\"https:\\\/\\\/geo-min.com\\\/contacto\\\/\",\"name\":\"CONTACTO - GEO-MIN | Oficina T\u00e8cnica Minera\",\"isPartOf\":{\"@id\":\"https:\\\/\\\/geo-min.com\\\/#website\"},\"primaryImageOfPage\":{\"@id\":\"https:\\\/\\\/geo-min.com\\\/contacto\\\/#primaryimage\"},\"image\":{\"@id\":\"https:\\\/\\\/geo-min.com\\\/contacto\\\/#primaryimage\"},\"thumbnailUrl\":\"https:\\\/\\\/geo-min.com\\\/wp-content\\\/uploads\\\/2024\\\/08\\\/Mina.jpg\",\"datePublished\":\"2024-08-23T11:53:29+00:00\",\"dateModified\":\"2024-09-09T08:59:05+00:00\",\"description\":\"Contacto: escibenos a Geo-Min para resolver cualquier duda sobre nuestros servicios o solicitar un presupuesto personalizado para tu proyecto\",\"breadcrumb\":{\"@id\":\"https:\\\/\\\/geo-min.com\\\/contacto\\\/#breadcrumb\"},\"inLanguage\":\"es\",\"potentialAction\":[{\"@type\":\"ReadAction\",\"target\":[\"https:\\\/\\\/geo-min.com\\\/contacto\\\/\"]}]},{\"@type\":\"ImageObject\",\"inLanguage\":\"es\",\"@id\":\"https:\\\/\\\/geo-min.com\\\/contacto\\\/#primaryimage\",\"url\":\"https:\\\/\\\/geo-min.com\\\/wp-content\\\/uploads\\\/2024\\\/08\\\/Mina.jpg\",\"contentUrl\":\"https:\\\/\\\/geo-min.com\\\/wp-content\\\/uploads\\\/2024\\\/08\\\/Mina.jpg\",\"width\":800,\"height\":800,\"caption\":\"Contacto\"},{\"@type\":\"BreadcrumbList\",\"@id\":\"https:\\\/\\\/geo-min.com\\\/contacto\\\/#breadcrumb\",\"itemListElement\":[{\"@type\":\"ListItem\",\"position\":1,\"name\":\"Portada\",\"item\":\"https:\\\/\\\/geo-min.com\\\/\"},{\"@type\":\"ListItem\",\"position\":2,\"name\":\"CONTACTO\"}]},{\"@type\":\"WebSite\",\"@id\":\"https:\\\/\\\/geo-min.com\\\/#website\",\"url\":\"https:\\\/\\\/geo-min.com\\\/\",\"name\":\"GEO-MIN | Oficina T\u00e8cnica Minera\",\"description\":\"Construcci\u00f3n y legalizaci\u00f3n de pozos de agua, direcci\u00f3n de explotaciones mineras, y formaci\u00f3n en PRL, gesti\u00f3n de residuos y ambiental.\",\"publisher\":{\"@id\":\"https:\\\/\\\/geo-min.com\\\/#organization\"},\"alternateName\":\"T\u00e8cnics en Mineria\",\"potentialAction\":[{\"@type\":\"SearchAction\",\"target\":{\"@type\":\"EntryPoint\",\"urlTemplate\":\"https:\\\/\\\/geo-min.com\\\/?s={search_term_string}\"},\"query-input\":{\"@type\":\"PropertyValueSpecification\",\"valueRequired\":true,\"valueName\":\"search_term_string\"}}],\"inLanguage\":\"es\"},{\"@type\":\"Organization\",\"@id\":\"https:\\\/\\\/geo-min.com\\\/#organization\",\"name\":\"GEO-MIN | Oficina T\u00e8cnica Minera\",\"alternateName\":\"Geo-Min\",\"url\":\"https:\\\/\\\/geo-min.com\\\/\",\"logo\":{\"@type\":\"ImageObject\",\"inLanguage\":\"es\",\"@id\":\"https:\\\/\\\/geo-min.com\\\/#\\\/schema\\\/logo\\\/image\\\/\",\"url\":\"https:\\\/\\\/geo-min.com\\\/wp-content\\\/uploads\\\/2024\\\/08\\\/LOGO_Mesa-de-trabajo-1-copia-2.png\",\"contentUrl\":\"https:\\\/\\\/geo-min.com\\\/wp-content\\\/uploads\\\/2024\\\/08\\\/LOGO_Mesa-de-trabajo-1-copia-2.png\",\"width\":4501,\"height\":4500,\"caption\":\"GEO-MIN | Oficina T\u00e8cnica Minera\"},\"image\":{\"@id\":\"https:\\\/\\\/geo-min.com\\\/#\\\/schema\\\/logo\\\/image\\\/\"}}]}<\/script>\n<!-- \/ Yoast SEO plugin. -->","yoast_head_json":{"title":"CONTACTO - GEO-MIN | Oficina T\u00e8cnica Minera","description":"Contacto: escibenos a Geo-Min para resolver cualquier duda sobre nuestros servicios o solicitar un presupuesto personalizado para tu proyecto","robots":{"index":"index","follow":"follow","max-snippet":"max-snippet:-1","max-image-preview":"max-image-preview:large","max-video-preview":"max-video-preview:-1"},"canonical":"https:\/\/geo-min.com\/contacto\/","og_locale":"es_ES","og_type":"article","og_title":"CONTACTO - GEO-MIN | Oficina T\u00e8cnica Minera","og_description":"Contacto: escibenos a Geo-Min para resolver cualquier duda sobre nuestros servicios o solicitar un presupuesto personalizado para tu proyecto","og_url":"https:\/\/geo-min.com\/contacto\/","og_site_name":"GEO-MIN | Oficina T\u00e8cnica Minera","article_modified_time":"2024-09-09T08:59:05+00:00","og_image":[{"width":800,"height":800,"url":"https:\/\/geo-min.com\/wp-content\/uploads\/2024\/08\/Mina.jpg","type":"image\/jpeg"}],"twitter_misc":{"Tiempo de lectura":"2 minutos"},"schema":{"@context":"https:\/\/schema.org","@graph":[{"@type":"WebPage","@id":"https:\/\/geo-min.com\/contacto\/","url":"https:\/\/geo-min.com\/contacto\/","name":"CONTACTO - GEO-MIN | Oficina T\u00e8cnica Minera","isPartOf":{"@id":"https:\/\/geo-min.com\/#website"},"primaryImageOfPage":{"@id":"https:\/\/geo-min.com\/contacto\/#primaryimage"},"image":{"@id":"https:\/\/geo-min.com\/contacto\/#primaryimage"},"thumbnailUrl":"https:\/\/geo-min.com\/wp-content\/uploads\/2024\/08\/Mina.jpg","datePublished":"2024-08-23T11:53:29+00:00","dateModified":"2024-09-09T08:59:05+00:00","description":"Contacto: escibenos a Geo-Min para resolver cualquier duda sobre nuestros servicios o solicitar un presupuesto personalizado para tu proyecto","breadcrumb":{"@id":"https:\/\/geo-min.com\/contacto\/#breadcrumb"},"inLanguage":"es","potentialAction":[{"@type":"ReadAction","target":["https:\/\/geo-min.com\/contacto\/"]}]},{"@type":"ImageObject","inLanguage":"es","@id":"https:\/\/geo-min.com\/contacto\/#primaryimage","url":"https:\/\/geo-min.com\/wp-content\/uploads\/2024\/08\/Mina.jpg","contentUrl":"https:\/\/geo-min.com\/wp-content\/uploads\/2024\/08\/Mina.jpg","width":800,"height":800,"caption":"Contacto"},{"@type":"BreadcrumbList","@id":"https:\/\/geo-min.com\/contacto\/#breadcrumb","itemListElement":[{"@type":"ListItem","position":1,"name":"Portada","item":"https:\/\/geo-min.com\/"},{"@type":"ListItem","position":2,"name":"CONTACTO"}]},{"@type":"WebSite","@id":"https:\/\/geo-min.com\/#website","url":"https:\/\/geo-min.com\/","name":"GEO-MIN | Oficina T\u00e8cnica Minera","description":"Construcci\u00f3n y legalizaci\u00f3n de pozos de agua, direcci\u00f3n de explotaciones mineras, y formaci\u00f3n en PRL, gesti\u00f3n de residuos y ambiental.","publisher":{"@id":"https:\/\/geo-min.com\/#organization"},"alternateName":"T\u00e8cnics en Mineria","potentialAction":[{"@type":"SearchAction","target":{"@type":"EntryPoint","urlTemplate":"https:\/\/geo-min.com\/?s={search_term_string}"},"query-input":{"@type":"PropertyValueSpecification","valueRequired":true,"valueName":"search_term_string"}}],"inLanguage":"es"},{"@type":"Organization","@id":"https:\/\/geo-min.com\/#organization","name":"GEO-MIN | Oficina T\u00e8cnica Minera","alternateName":"Geo-Min","url":"https:\/\/geo-min.com\/","logo":{"@type":"ImageObject","inLanguage":"es","@id":"https:\/\/geo-min.com\/#\/schema\/logo\/image\/","url":"https:\/\/geo-min.com\/wp-content\/uploads\/2024\/08\/LOGO_Mesa-de-trabajo-1-copia-2.png","contentUrl":"https:\/\/geo-min.com\/wp-content\/uploads\/2024\/08\/LOGO_Mesa-de-trabajo-1-copia-2.png","width":4501,"height":4500,"caption":"GEO-MIN | Oficina T\u00e8cnica Minera"},"image":{"@id":"https:\/\/geo-min.com\/#\/schema\/logo\/image\/"}}]}},"_links":{"self":[{"href":"https:\/\/geo-min.com\/es\/wp-json\/wp\/v2\/pages\/110","targetHints":{"allow":["GET"]}}],"collection":[{"href":"https:\/\/geo-min.com\/es\/wp-json\/wp\/v2\/pages"}],"about":[{"href":"https:\/\/geo-min.com\/es\/wp-json\/wp\/v2\/types\/page"}],"author":[{"embeddable":true,"href":"https:\/\/geo-min.com\/es\/wp-json\/wp\/v2\/users\/1"}],"replies":[{"embeddable":true,"href":"https:\/\/geo-min.com\/es\/wp-json\/wp\/v2\/comments?post=110"}],"version-history":[{"count":16,"href":"https:\/\/geo-min.com\/es\/wp-json\/wp\/v2\/pages\/110\/revisions"}],"predecessor-version":[{"id":427,"href":"https:\/\/geo-min.com\/es\/wp-json\/wp\/v2\/pages\/110\/revisions\/427"}],"wp:featuredmedia":[{"embeddable":true,"href":"https:\/\/geo-min.com\/es\/wp-json\/wp\/v2\/media\/75"}],"wp:attachment":[{"href":"https:\/\/geo-min.com\/es\/wp-json\/wp\/v2\/media?parent=110"}],"curies":[{"name":"wp","href":"https:\/\/api.w.org\/{rel}","templated":true}]}}