{"id":153,"date":"2024-08-27T08:30:07","date_gmt":"2024-08-27T06:30:07","guid":{"rendered":"https:\/\/geo-min.com\/?page_id=153"},"modified":"2025-10-20T09:26:46","modified_gmt":"2025-10-20T07:26:46","slug":"novedades","status":"publish","type":"page","link":"https:\/\/geo-min.com\/es\/novedades\/","title":{"rendered":"NOVEDADES"},"content":{"rendered":"[et_pb_section fb_built=\u00bb1&#8243; admin_label=\u00bbHero\u00bb _builder_version=\u00bb4.27.0&#8243; use_background_color_gradient=\u00bbon\u00bb background_color_gradient_type=\u00bbcircular\u00bb background_color_gradient_direction_radial=\u00bbtop right\u00bb background_color_gradient_stops=\u00bb#210b00 10%|rgba(33,25,21,0) 100%\u00bb background_color_gradient_overlays_image=\u00bbon\u00bb background_color_gradient_start=\u00bb#210b00&#8243; background_color_gradient_start_position=\u00bb10%\u00bb background_color_gradient_end=\u00bbrgba(33,25,21,0)\u00bb background_image=\u00bbhttps:\/\/geo-min.com\/wp-content\/uploads\/2024\/08\/15054.jpg\u00bb background_position=\u00bbbottom_right\u00bb custom_padding=\u00bb80px|0|0||false|false\u00bb locked=\u00bboff\u00bb global_colors_info=\u00bb{}\u00bb][et_pb_row column_structure=\u00bb2_3,1_3&#8243; use_custom_gutter=\u00bbon\u00bb gutter_width=\u00bb1&#8243; make_equal=\u00bbon\u00bb padding_top_bottom_link_2=\u00bbtrue\u00bb padding_left_right_link_2=\u00bbtrue\u00bb _builder_version=\u00bb4.27.0&#8243; custom_margin=\u00bb|||\u00bb custom_padding=\u00bb27px|0px|0|0px|false|false\u00bb global_colors_info=\u00bb{}\u00bb][et_pb_column type=\u00bb2_3&#8243; _builder_version=\u00bb4.16&#8243; custom_padding=\u00bb|4%|80px|\u00bb custom_padding_tablet=\u00bb||40px|\u00bb custom_padding_phone=\u00bb||40px|\u00bb custom_padding_last_edited=\u00bbon|tablet\u00bb global_colors_info=\u00bb{}\u00bb padding_tablet=\u00bb||40px|\u00bb padding_last_edited=\u00bbon|tablet\u00bb custom_padding__hover=\u00bb|||\u00bb padding_phone=\u00bb||40px|\u00bb][et_pb_text _builder_version=\u00bb4.27.0&#8243; text_font=\u00bbOpen Sans||||||||\u00bb text_font_size=\u00bb20px\u00bb text_line_height=\u00bb2em\u00bb header_font=\u00bb|800||on|||||\u00bb header_font_size=\u00bb68px\u00bb header_line_height=\u00bb1.4em\u00bb background_layout=\u00bbdark\u00bb max_width=\u00bb700px\u00bb text_font_size_tablet=\u00bb\u00bb text_font_size_phone=\u00bb16px\u00bb text_font_size_last_edited=\u00bbon|phone\u00bb header_font_size_tablet=\u00bb44px\u00bb header_font_size_phone=\u00bb24px\u00bb header_font_size_last_edited=\u00bbon|desktop\u00bb header_line_height_tablet=\u00bb1.4em\u00bb header_line_height_phone=\u00bb1.4em\u00bb header_line_height_last_edited=\u00bbon|desktop\u00bb global_colors_info=\u00bb{}\u00bb]\n<h1>NOVEDADES<\/h1>\n<p style=\"text-align: justify;\">En Geo-Min combinamos conocimientos t\u00e9cnicos avanzados y un firme compromiso con la sostenibilidad para garantizar que cada proyecto cumpla con los m\u00e1s altos est\u00e1ndares de calidad, seguridad y respeto ambiental.<\/p>\n[\/et_pb_text][\/et_pb_column][et_pb_column type=\u00bb1_3&#8243; _builder_version=\u00bb4.27.0&#8243; background_enable_color=\u00bboff\u00bb custom_padding=\u00bb40px|40px|40px|40px\u00bb custom_padding_tablet=\u00bb0px|||\u00bb custom_padding_last_edited=\u00bboff|desktop\u00bb global_colors_info=\u00bb{}\u00bb padding_tablet=\u00bb0px|||\u00bb padding_last_edited=\u00bboff|desktop\u00bb custom_padding__hover=\u00bb|||\u00bb][\/et_pb_column][\/et_pb_row][\/et_pb_section][et_pb_section fb_built=\u00bb1&#8243; _builder_version=\u00bb4.27.0&#8243; _module_preset=\u00bbdefault\u00bb global_colors_info=\u00bb{}\u00bb][et_pb_row _builder_version=\u00bb4.27.0&#8243; _module_preset=\u00bbdefault\u00bb global_colors_info=\u00bb{}\u00bb][et_pb_column type=\u00bb4_4&#8243; _builder_version=\u00bb4.27.0&#8243; _module_preset=\u00bbdefault\u00bb global_colors_info=\u00bb{}\u00bb][et_pb_blog_extras include_categories=\u00bb5&#8243; blog_layout=\u00bbblock_extended\u00bb use_read_more_button=\u00bbon\u00bb read_more_text=\u00bbLeer m\u00e1s\u00bb show_author=\u00bboff\u00bb show_categories=\u00bboff\u00bb show_comments=\u00bboff\u00bb _builder_version=\u00bb4.27.4&#8243; _module_preset=\u00bbdefault\u00bb custom_read_more=\u00bbon\u00bb read_more_text_size=\u00bb15px\u00bb read_more_text_color=\u00bb#FFFFFF\u00bb read_more_bg_color=\u00bb#f47750&#8243; read_more_border_color=\u00bb#dd9000&#8243; hover_enabled=\u00bb0&#8243; global_colors_info=\u00bb{}\u00bb show_load_more=\u00bbon\u00bb load_more_text=\u00bbVer m\u00e1s\u00bb custom_ajax_pagination=\u00bbon\u00bb ajax_pagination_text_color=\u00bb#FFFFFF\u00bb ajax_pagination_bg_color=\u00bb#f47750&#8243; ajax_pagination_bg_enable_color=\u00bbon\u00bb ajax_pagination_border_radius=\u00bb8px\u00bb sticky_enabled=\u00bb0&#8243;][\/et_pb_blog_extras][\/et_pb_column][\/et_pb_row][et_pb_row _builder_version=\u00bb4.27.0&#8243; _module_preset=\u00bbdefault\u00bb custom_margin=\u00bb-41px|auto||auto||\u00bb custom_padding=\u00bb||0px|||\u00bb locked=\u00bboff\u00bb global_colors_info=\u00bb{}\u00bb][et_pb_column type=\u00bb4_4&#8243; _builder_version=\u00bb4.27.0&#8243; _module_preset=\u00bbdefault\u00bb global_colors_info=\u00bb{}\u00bb][et_pb_code _builder_version=\u00bb4.27.0&#8243; _module_preset=\u00bbdefault\u00bb global_colors_info=\u00bb{}\u00bb]<span class=\"collapseomatic \" id=\"id69fc953ace4f6\"  tabindex=\"0\" title=\"\"    ><\/span><div id=\"target-id69fc953ace4f6\" class=\"collapseomatic_content \"><!-- [et_pb_line_break_holder] --><!-- [et_pb_line_break_holder] -->En Geo-Min, estamos comprometido con la excelencia y la sostenibilidad en cada proyecto que asumimos. Nuestro liderazgo est\u00e1 a cargo de Jos\u00e9 Antonio L\u00f3pez Vales, Ingeniero T\u00e9cnico de Minas por la Universidad Polit\u00e9cnica de Catalu\u00f1a (UPC), con especializaci\u00f3n en Explotaci\u00f3n de Minas y Explosivos. Adem\u00e1s, cuento con formaci\u00f3n avanzada, incluyendo un MBA en Gesti\u00f3n de Empresas, un M\u00e1ster en Prevenci\u00f3n de Riesgos Laborales, y un M\u00e1ster en Ingenier\u00eda Ambiental y Producci\u00f3n Sostenible. Descubrelo en nuestro blog.<!-- [et_pb_line_break_holder] --><!-- [et_pb_line_break_holder] -->Nuestra experiencia en el sector se extiende a lo largo de m\u00e1s de 18 a\u00f1os, durante los cuales hemos trabajado en diversas \u00e1reas como la gesti\u00f3n de residuos, consultor\u00eda en seguridad y salud en obras de construcci\u00f3n, y m\u00e1s de 10 a\u00f1os en la formaci\u00f3n. En Geo-Min, combinamos esta vasta experiencia con un enfoque integral que abarca desde la construcci\u00f3n y legalizaci\u00f3n de pozos de agua, hasta la direcci\u00f3n de explotaciones mineras y la formaci\u00f3n en PRL, gesti\u00f3n de residuos y medioambiental.Descubrelo en nuestro blog.<!-- [et_pb_line_break_holder] --><!-- [et_pb_line_break_holder] -->Nuestro compromiso es ofrecer soluciones t\u00e9cnicas eficientes, que no solo cumplan con la normativa vigente, sino que tambi\u00e9n promuevan la sostenibilidad y el respeto por el medioambiente.<!-- [et_pb_line_break_holder] --><!-- [et_pb_line_break_holder] -->En Geo-Min, nos enorgullece ofrecer servicios integrales que cubren todos los aspectos de la geolog\u00eda y la miner\u00eda. Nuestro compromiso con la innovaci\u00f3n, la sostenibilidad y la excelencia t\u00e9cnica nos permite proporcionar soluciones personalizadas que se adaptan a las necesidades espec\u00edficas de cada proyecto. Si est\u00e1s buscando un socio de confianza para impulsar tus proyectos mineros, no dudes en contactar con nosotros. Descubre c\u00f3mo podemos ayudarte a llevar tu proyecto al siguiente nivel. Descubrelo en nuestro blog.<!-- [et_pb_line_break_holder] --><!-- [et_pb_line_break_holder] -->Nuestra Misi\u00f3n<!-- [et_pb_line_break_holder] -->Nuestra misi\u00f3n en Geo-Min es proporcionar soluciones t\u00e9cnicas de alta calidad en los campos de la miner\u00eda, gesti\u00f3n de aguas y medioambiente. Nos comprometemos a combinar nuestra experiencia y conocimiento con un enfoque sostenible.<!-- [et_pb_line_break_holder] --><!-- [et_pb_line_break_holder] --><a href=\"https:\/\/www.linkedin.com\/in\/jose-antonio-lopez-vales-73202730?originalSubdomain=es\">Sobre nosotros<\/a><!-- [et_pb_line_break_holder] --><!-- [et_pb_line_break_holder] --><a href=\"https:\/\/geo-min.com\/contacto\/\">Contacto<\/a><!-- [et_pb_line_break_holder] --><!-- [et_pb_line_break_holder] --><\/div><!-- [et_pb_line_break_holder] --><!-- [et_pb_line_break_holder] -->[\/et_pb_code][\/et_pb_column][\/et_pb_row][\/et_pb_section]\n","protected":false},"excerpt":{"rendered":"<p>NOVEDADES En Geo-Min combinamos conocimientos t\u00e9cnicos avanzados y un firme compromiso con la sostenibilidad para garantizar que cada proyecto cumpla con los m\u00e1s altos est\u00e1ndares de calidad, seguridad y respeto ambiental.<span class=\"collapseomatic \" id=\"id69fc953adfbcd\"  tabindex=\"0\" title=\"\"    ><\/span>En Geo-Min, estamos comprometido con la excelencia y la sostenibilidad en cada proyecto que asumimos. Nuestro liderazgo est\u00e1 a cargo de Jos\u00e9 Antonio L\u00f3pez [&hellip;]<\/p>\n","protected":false},"author":1,"featured_media":77,"parent":0,"menu_order":0,"comment_status":"closed","ping_status":"closed","template":"","meta":{"_et_pb_use_builder":"on","_et_pb_old_content":"","_et_gb_content_width":"","footnotes":""},"class_list":["post-153","page","type-page","status-publish","has-post-thumbnail","hentry"],"yoast_head":"<!-- This site is optimized with the Yoast SEO plugin v27.5 - https:\/\/yoast.com\/product\/yoast-seo-wordpress\/ -->\n<title>NOVEDADES - GEO-MIN | Oficina T\u00e8cnica Minera<\/title>\n<meta name=\"description\" content=\"Conoce las \u00faltimas novedades de Geo-Min en nuestro blog. Descubre, proyectos, servicios, estudios y mucho m\u00e1s de nuestro trabajo.\" \/>\n<meta name=\"robots\" content=\"index, follow, max-snippet:-1, max-image-preview:large, max-video-preview:-1\" \/>\n<link rel=\"canonical\" href=\"https:\/\/geo-min.com\/novetats\/\" \/>\n<meta property=\"og:locale\" content=\"es_ES\" \/>\n<meta property=\"og:type\" content=\"article\" \/>\n<meta property=\"og:title\" content=\"NOVEDADES - GEO-MIN | Oficina T\u00e8cnica Minera\" \/>\n<meta property=\"og:description\" content=\"Conoce las \u00faltimas novedades de Geo-Min en nuestro blog. Descubre, proyectos, servicios, estudios y mucho m\u00e1s de nuestro trabajo.\" \/>\n<meta property=\"og:url\" content=\"https:\/\/geo-min.com\/novetats\/\" \/>\n<meta property=\"og:site_name\" content=\"GEO-MIN | Oficina T\u00e8cnica Minera\" \/>\n<meta property=\"article:modified_time\" content=\"2025-10-20T07:26:46+00:00\" \/>\n<meta property=\"og:image\" content=\"https:\/\/geo-min.com\/wp-content\/uploads\/2024\/08\/Plano.jpg\" \/>\n\t<meta property=\"og:image:width\" content=\"800\" \/>\n\t<meta property=\"og:image:height\" content=\"800\" \/>\n\t<meta property=\"og:image:type\" content=\"image\/jpeg\" \/>\n<meta name=\"twitter:label1\" content=\"Tiempo de lectura\" \/>\n\t<meta name=\"twitter:data1\" content=\"3 minutos\" \/>\n<script type=\"application\/ld+json\" class=\"yoast-schema-graph\">{\"@context\":\"https:\\\/\\\/schema.org\",\"@graph\":[{\"@type\":\"WebPage\",\"@id\":\"https:\\\/\\\/geo-min.com\\\/novetats\\\/\",\"url\":\"https:\\\/\\\/geo-min.com\\\/novetats\\\/\",\"name\":\"NOVEDADES - GEO-MIN | Oficina T\u00e8cnica Minera\",\"isPartOf\":{\"@id\":\"https:\\\/\\\/geo-min.com\\\/#website\"},\"primaryImageOfPage\":{\"@id\":\"https:\\\/\\\/geo-min.com\\\/novetats\\\/#primaryimage\"},\"image\":{\"@id\":\"https:\\\/\\\/geo-min.com\\\/novetats\\\/#primaryimage\"},\"thumbnailUrl\":\"https:\\\/\\\/geo-min.com\\\/wp-content\\\/uploads\\\/2024\\\/08\\\/Plano.jpg\",\"datePublished\":\"2024-08-27T06:30:07+00:00\",\"dateModified\":\"2025-10-20T07:26:46+00:00\",\"description\":\"Conoce las \u00faltimas novedades de Geo-Min en nuestro blog. Descubre, proyectos, servicios, estudios y mucho m\u00e1s de nuestro trabajo.\",\"breadcrumb\":{\"@id\":\"https:\\\/\\\/geo-min.com\\\/novetats\\\/#breadcrumb\"},\"inLanguage\":\"es\",\"potentialAction\":[{\"@type\":\"ReadAction\",\"target\":[\"https:\\\/\\\/geo-min.com\\\/novetats\\\/\"]}]},{\"@type\":\"ImageObject\",\"inLanguage\":\"es\",\"@id\":\"https:\\\/\\\/geo-min.com\\\/novetats\\\/#primaryimage\",\"url\":\"https:\\\/\\\/geo-min.com\\\/wp-content\\\/uploads\\\/2024\\\/08\\\/Plano.jpg\",\"contentUrl\":\"https:\\\/\\\/geo-min.com\\\/wp-content\\\/uploads\\\/2024\\\/08\\\/Plano.jpg\",\"width\":800,\"height\":800,\"caption\":\"Blog\"},{\"@type\":\"BreadcrumbList\",\"@id\":\"https:\\\/\\\/geo-min.com\\\/novetats\\\/#breadcrumb\",\"itemListElement\":[{\"@type\":\"ListItem\",\"position\":1,\"name\":\"Portada\",\"item\":\"https:\\\/\\\/geo-min.com\\\/\"},{\"@type\":\"ListItem\",\"position\":2,\"name\":\"NOVEDADES\"}]},{\"@type\":\"WebSite\",\"@id\":\"https:\\\/\\\/geo-min.com\\\/#website\",\"url\":\"https:\\\/\\\/geo-min.com\\\/\",\"name\":\"GEO-MIN | Oficina T\u00e8cnica Minera\",\"description\":\"Construcci\u00f3n y legalizaci\u00f3n de pozos de agua, direcci\u00f3n de explotaciones mineras, y formaci\u00f3n en PRL, gesti\u00f3n de residuos y ambiental.\",\"publisher\":{\"@id\":\"https:\\\/\\\/geo-min.com\\\/#organization\"},\"alternateName\":\"T\u00e8cnics en Mineria\",\"potentialAction\":[{\"@type\":\"SearchAction\",\"target\":{\"@type\":\"EntryPoint\",\"urlTemplate\":\"https:\\\/\\\/geo-min.com\\\/?s={search_term_string}\"},\"query-input\":{\"@type\":\"PropertyValueSpecification\",\"valueRequired\":true,\"valueName\":\"search_term_string\"}}],\"inLanguage\":\"es\"},{\"@type\":\"Organization\",\"@id\":\"https:\\\/\\\/geo-min.com\\\/#organization\",\"name\":\"GEO-MIN | Oficina T\u00e8cnica Minera\",\"alternateName\":\"Geo-Min\",\"url\":\"https:\\\/\\\/geo-min.com\\\/\",\"logo\":{\"@type\":\"ImageObject\",\"inLanguage\":\"es\",\"@id\":\"https:\\\/\\\/geo-min.com\\\/#\\\/schema\\\/logo\\\/image\\\/\",\"url\":\"https:\\\/\\\/geo-min.com\\\/wp-content\\\/uploads\\\/2024\\\/08\\\/LOGO_Mesa-de-trabajo-1-copia-2.png\",\"contentUrl\":\"https:\\\/\\\/geo-min.com\\\/wp-content\\\/uploads\\\/2024\\\/08\\\/LOGO_Mesa-de-trabajo-1-copia-2.png\",\"width\":4501,\"height\":4500,\"caption\":\"GEO-MIN | Oficina T\u00e8cnica Minera\"},\"image\":{\"@id\":\"https:\\\/\\\/geo-min.com\\\/#\\\/schema\\\/logo\\\/image\\\/\"}}]}<\/script>\n<!-- \/ Yoast SEO plugin. -->","yoast_head_json":{"title":"NOVEDADES - GEO-MIN | Oficina T\u00e8cnica Minera","description":"Conoce las \u00faltimas novedades de Geo-Min en nuestro blog. Descubre, proyectos, servicios, estudios y mucho m\u00e1s de nuestro trabajo.","robots":{"index":"index","follow":"follow","max-snippet":"max-snippet:-1","max-image-preview":"max-image-preview:large","max-video-preview":"max-video-preview:-1"},"canonical":"https:\/\/geo-min.com\/novetats\/","og_locale":"es_ES","og_type":"article","og_title":"NOVEDADES - GEO-MIN | Oficina T\u00e8cnica Minera","og_description":"Conoce las \u00faltimas novedades de Geo-Min en nuestro blog. Descubre, proyectos, servicios, estudios y mucho m\u00e1s de nuestro trabajo.","og_url":"https:\/\/geo-min.com\/novetats\/","og_site_name":"GEO-MIN | Oficina T\u00e8cnica Minera","article_modified_time":"2025-10-20T07:26:46+00:00","og_image":[{"width":800,"height":800,"url":"https:\/\/geo-min.com\/wp-content\/uploads\/2024\/08\/Plano.jpg","type":"image\/jpeg"}],"twitter_misc":{"Tiempo de lectura":"3 minutos"},"schema":{"@context":"https:\/\/schema.org","@graph":[{"@type":"WebPage","@id":"https:\/\/geo-min.com\/novetats\/","url":"https:\/\/geo-min.com\/novetats\/","name":"NOVEDADES - GEO-MIN | Oficina T\u00e8cnica Minera","isPartOf":{"@id":"https:\/\/geo-min.com\/#website"},"primaryImageOfPage":{"@id":"https:\/\/geo-min.com\/novetats\/#primaryimage"},"image":{"@id":"https:\/\/geo-min.com\/novetats\/#primaryimage"},"thumbnailUrl":"https:\/\/geo-min.com\/wp-content\/uploads\/2024\/08\/Plano.jpg","datePublished":"2024-08-27T06:30:07+00:00","dateModified":"2025-10-20T07:26:46+00:00","description":"Conoce las \u00faltimas novedades de Geo-Min en nuestro blog. Descubre, proyectos, servicios, estudios y mucho m\u00e1s de nuestro trabajo.","breadcrumb":{"@id":"https:\/\/geo-min.com\/novetats\/#breadcrumb"},"inLanguage":"es","potentialAction":[{"@type":"ReadAction","target":["https:\/\/geo-min.com\/novetats\/"]}]},{"@type":"ImageObject","inLanguage":"es","@id":"https:\/\/geo-min.com\/novetats\/#primaryimage","url":"https:\/\/geo-min.com\/wp-content\/uploads\/2024\/08\/Plano.jpg","contentUrl":"https:\/\/geo-min.com\/wp-content\/uploads\/2024\/08\/Plano.jpg","width":800,"height":800,"caption":"Blog"},{"@type":"BreadcrumbList","@id":"https:\/\/geo-min.com\/novetats\/#breadcrumb","itemListElement":[{"@type":"ListItem","position":1,"name":"Portada","item":"https:\/\/geo-min.com\/"},{"@type":"ListItem","position":2,"name":"NOVEDADES"}]},{"@type":"WebSite","@id":"https:\/\/geo-min.com\/#website","url":"https:\/\/geo-min.com\/","name":"GEO-MIN | Oficina T\u00e8cnica Minera","description":"Construcci\u00f3n y legalizaci\u00f3n de pozos de agua, direcci\u00f3n de explotaciones mineras, y formaci\u00f3n en PRL, gesti\u00f3n de residuos y ambiental.","publisher":{"@id":"https:\/\/geo-min.com\/#organization"},"alternateName":"T\u00e8cnics en Mineria","potentialAction":[{"@type":"SearchAction","target":{"@type":"EntryPoint","urlTemplate":"https:\/\/geo-min.com\/?s={search_term_string}"},"query-input":{"@type":"PropertyValueSpecification","valueRequired":true,"valueName":"search_term_string"}}],"inLanguage":"es"},{"@type":"Organization","@id":"https:\/\/geo-min.com\/#organization","name":"GEO-MIN | Oficina T\u00e8cnica Minera","alternateName":"Geo-Min","url":"https:\/\/geo-min.com\/","logo":{"@type":"ImageObject","inLanguage":"es","@id":"https:\/\/geo-min.com\/#\/schema\/logo\/image\/","url":"https:\/\/geo-min.com\/wp-content\/uploads\/2024\/08\/LOGO_Mesa-de-trabajo-1-copia-2.png","contentUrl":"https:\/\/geo-min.com\/wp-content\/uploads\/2024\/08\/LOGO_Mesa-de-trabajo-1-copia-2.png","width":4501,"height":4500,"caption":"GEO-MIN | Oficina T\u00e8cnica Minera"},"image":{"@id":"https:\/\/geo-min.com\/#\/schema\/logo\/image\/"}}]}},"_links":{"self":[{"href":"https:\/\/geo-min.com\/es\/wp-json\/wp\/v2\/pages\/153","targetHints":{"allow":["GET"]}}],"collection":[{"href":"https:\/\/geo-min.com\/es\/wp-json\/wp\/v2\/pages"}],"about":[{"href":"https:\/\/geo-min.com\/es\/wp-json\/wp\/v2\/types\/page"}],"author":[{"embeddable":true,"href":"https:\/\/geo-min.com\/es\/wp-json\/wp\/v2\/users\/1"}],"replies":[{"embeddable":true,"href":"https:\/\/geo-min.com\/es\/wp-json\/wp\/v2\/comments?post=153"}],"version-history":[{"count":11,"href":"https:\/\/geo-min.com\/es\/wp-json\/wp\/v2\/pages\/153\/revisions"}],"predecessor-version":[{"id":695,"href":"https:\/\/geo-min.com\/es\/wp-json\/wp\/v2\/pages\/153\/revisions\/695"}],"wp:featuredmedia":[{"embeddable":true,"href":"https:\/\/geo-min.com\/es\/wp-json\/wp\/v2\/media\/77"}],"wp:attachment":[{"href":"https:\/\/geo-min.com\/es\/wp-json\/wp\/v2\/media?parent=153"}],"curies":[{"name":"wp","href":"https:\/\/api.w.org\/{rel}","templated":true}]}}