{"id":180,"date":"2024-08-27T08:57:56","date_gmt":"2024-08-27T06:57:56","guid":{"rendered":"https:\/\/geo-min.com\/?page_id=180"},"modified":"2024-08-27T08:58:39","modified_gmt":"2024-08-27T06:58:39","slug":"mapa-del-sitio","status":"publish","type":"page","link":"https:\/\/geo-min.com\/es\/mapa-del-sitio\/","title":{"rendered":"MAPA DEL SITIO"},"content":{"rendered":"<p><strong><div class=\"wsp-container\"><h2 class=\"wsp-pages-title\">P\u00e1ginas<\/h2>\n<ul class=\"wsp-pages-list\">\n<li class=\"page_item page-item-191\"><a href=\"https:\/\/geo-min.com\/es\/declaracion-de-accesibilidad\/\">DECLARACI\u00d3N DE ACCESIBILIDAD<\/a><\/li>\n<li class=\"page_item page-item-189\"><a href=\"https:\/\/geo-min.com\/es\/politica-de-cookies\/\">POL\u00cdTICA DE COOKIES<\/a><\/li>\n<li class=\"page_item page-item-187\"><a href=\"https:\/\/geo-min.com\/es\/politica-de-privacidad\/\">POLITICA DE PRIVACIDAD<\/a><\/li>\n<li class=\"page_item page-item-185\"><a href=\"https:\/\/geo-min.com\/es\/aviso-legal\/\">AVISO LEGAL<\/a><\/li>\n<li class=\"page_item page-item-180\"><a href=\"https:\/\/geo-min.com\/es\/mapa-del-sitio\/\">MAPA DEL SITIO<\/a><\/li>\n<li class=\"page_item page-item-2\"><a href=\"https:\/\/geo-min.com\/es\/servicios\/\">SERVICIOS<\/a><\/li>\n<li class=\"page_item page-item-153\"><a href=\"https:\/\/geo-min.com\/es\/novedades\/\">NOVEDADES<\/a><\/li>\n<li class=\"page_item page-item-110\"><a href=\"https:\/\/geo-min.com\/es\/contacto\/\">CONTACTO<\/a><\/li>\n<li class=\"page_item page-item-92\"><a href=\"https:\/\/geo-min.com\/es\/sobre-nosotros\/\">SOBRE NOSOTROS<\/a><\/li>\n<li class=\"page_item page-item-22\"><a href=\"https:\/\/geo-min.com\/es\/\">HOME<\/a><\/li>\n<li class=\"page_item page-item-9\"><a href=\"https:\/\/geo-min.com\/es\/login-customizer\/\">Login Customizer<\/a><\/li>\n<\/ul>\n<\/div><\/strong><\/p>\n<div class=\"wsp-container\"><h2 class=\"wsp-posts-title\">Posts por categor\u00eda<\/h2>\n<ul class=\"wsp-posts-list\">\n\t<li><strong class=\"wsp-category-title\">Category: <a href=\"https:\/\/geo-min.com\/es\/category\/blog\/\">BLOG<\/a><\/strong>\n<ul class=\"wsp-posts-list\">\t\t<li class=\"wsp-post\"><a href=\"https:\/\/geo-min.com\/es\/estudio-de-impacto-e-integracion-paisajistica-eiip-una-herramienta-para-proteger-e-integrar-el-paisaje\/\">Estudio de Impacto e Integraci\u00f3n Paisaj\u00edstica (EIIP): una herramienta para proteger e integrar el paisaje<\/a><\/li>\n\t\t<li class=\"wsp-post\"><a href=\"https:\/\/geo-min.com\/es\/evaluacion-de-maquinaria-de-trabajo-segun-normativa-seguridad-eficiencia-y-cumplimiento-legal\/\">Evaluaci\u00f3n de maquinaria de trabajo seg\u00fan normativa: seguridad, eficiencia y cumplimiento legal<\/a><\/li>\n\t\t<li class=\"wsp-post\"><a href=\"https:\/\/geo-min.com\/es\/tramitacion-de-permisos-de-aprovechamiento-y-concesion-de-aguas-un-proceso-clave-para-una-gestion-responsable\/\">Tramitaci\u00f3n de permisos de aprovechamiento y concesi\u00f3n de aguas: un proceso clave para una gesti\u00f3n responsable<\/a><\/li>\n\t\t<li class=\"wsp-post\"><a href=\"https:\/\/geo-min.com\/es\/estudios-paisajisticos-integrando-el-territorio-y-la-mineria-de-forma-sostenible\/\">Estudios paisaj\u00edsticos: integrando el territorio y la miner\u00eda de forma sostenible<\/a><\/li>\n\t\t<li class=\"wsp-post\"><a href=\"https:\/\/geo-min.com\/es\/riesgo-de-inundaciones-post-incendio-una-amenaza-oculta-para-el-territorio\/\">Riesgo de inundaciones post-incendio: una amenaza oculta para el territorio<\/a><\/li>\n\t\t<li class=\"wsp-post\"><a href=\"https:\/\/geo-min.com\/es\/inundabilidad-y-riesgo-hidrico-como-se-evaluan\/\">Inundabilidad y riesgo h\u00eddrico: \u00bfc\u00f3mo se eval\u00faan?<\/a><\/li>\n\t\t<li class=\"wsp-post\"><a href=\"https:\/\/geo-min.com\/es\/sostenibilidad-en-proyectos-extractivos-retos-y-oportunidades\/\">Sostenibilidad en proyectos extractivos: retos y oportunidades<\/a><\/li>\n\t\t<li class=\"wsp-post\"><a href=\"https:\/\/geo-min.com\/es\/diferencias-entre-un-geologo-y-un-ingeniero-tecnico-de-minas\/\">Diferencias entre un ge\u00f3logo y un ingeniero t\u00e9cnico de minas<\/a><\/li>\n\t\t<li class=\"wsp-post\"><a href=\"https:\/\/geo-min.com\/es\/fotogrametria-y-topografia-en-mineria-ventajas-y-aplicaciones\/\">Fotogrametr\u00eda y topograf\u00eda en miner\u00eda: ventajas y aplicaciones<\/a><\/li>\n\t\t<li class=\"wsp-post\"><a href=\"https:\/\/geo-min.com\/es\/beneficios-de-la-formacion-en-prl-para-empresas-del-sector-extractivo\/\">Beneficios de la formaci\u00f3n en PRL para empresas del sector extractivo<\/a><\/li>\n\t\t<li class=\"wsp-post\"><a href=\"https:\/\/geo-min.com\/es\/estudios-hidrogeologicos-que-son-y-cuando-se-necesitan\/\">Estudios hidrogeol\u00f3gicos: qu\u00e9 son y cu\u00e1ndo se necesitan<\/a><\/li>\n\t\t<li class=\"wsp-post\"><a href=\"https:\/\/geo-min.com\/es\/estudi-geotecnic-riscos-sobrecostos-obra-civil\/\">C\u00f3mo un buen estudio geot\u00e9cnico evita riesgos y sobrecostes en proyectos de obra civil<\/a><\/li>\n\t\t<li class=\"wsp-post\"><a href=\"https:\/\/geo-min.com\/es\/estudio-hidrogeologico\/\">La importancia de los estudios hidrogeol\u00f3gicos en obra civil y miner\u00eda<\/a><\/li>\n\t\t<li class=\"wsp-post\"><a href=\"https:\/\/geo-min.com\/es\/prevencion-de-desastres-naturales\/\">Geolog\u00eda aplicada a la prevenci\u00f3n de desastres naturales<\/a><\/li>\n\t\t<li class=\"wsp-post\"><a href=\"https:\/\/geo-min.com\/es\/minerales-estrategicos\/\">La nueva fiebre de los minerales estrat\u00e9gicos para la transici\u00f3n energ\u00e9tica<\/a><\/li>\n\t\t<li class=\"wsp-post\"><a href=\"https:\/\/geo-min.com\/es\/mineria-y-economia-circular\/\">Miner\u00eda y econom\u00eda circular: reutilizaci\u00f3n y valorizaci\u00f3n de residuos minerales<\/a><\/li>\n\t\t<li class=\"wsp-post\"><a href=\"https:\/\/geo-min.com\/es\/inteligencia-artifical-exploracion-geologica\/\">Aplicaciones de la Inteligencia Artificial en la exploraci\u00f3n geol\u00f3gica y minera<\/a><\/li>\n\t\t<li class=\"wsp-post\"><a href=\"https:\/\/geo-min.com\/es\/tecnicas-avanzadas-en-la-exploracion-de-aguas-subterraneas\/\">T\u00e9cnicas avanzadas en la exploraci\u00f3n de aguas subterr\u00e1neas: garantizando recursos h\u00eddricos sostenibles<\/a><\/li>\n\t\t<li class=\"wsp-post\"><a href=\"https:\/\/geo-min.com\/es\/la-importancia-de-la-geologia-en-la-planificacion-urbana\/\">La importancia de la geolog\u00eda en la planificaci\u00f3n urbana: asegurando ciudades sostenibles<\/a><\/li>\n\t\t<li class=\"wsp-post\"><a href=\"https:\/\/geo-min.com\/es\/sostenibilidad\/\">Compromiso con la sostenibilidad en Geo-Min<\/a><\/li>\n\t\t<li class=\"wsp-post\"><a href=\"https:\/\/geo-min.com\/es\/como-legalizar-un-pozo\/\">\u00bfC\u00f3mo legalizar un pozo de agua en Espa\u00f1a? Pasos y requisitos esenciales<\/a><\/li>\n\t\t<li class=\"wsp-post\"><a href=\"https:\/\/geo-min.com\/es\/los-minerales-mas-comunes-en-espana-y-su-relevancia-en-la-mineria\/\">Los minerales m\u00e1s comunes en Espa\u00f1a y su relevancia en la miner\u00eda<\/a><\/li>\n\t\t<li class=\"wsp-post\"><a href=\"https:\/\/geo-min.com\/es\/hidrogeologia\/\">Hidrogeolog\u00eda: Implementaci\u00f3n de las innovaciones tecnol\u00f3gicas<\/a><\/li>\n\t\t<li class=\"wsp-post\"><a href=\"https:\/\/geo-min.com\/es\/agua\/\">Servicios de tramitaci\u00f3n y asesoramiento en gesti\u00f3n de aguas con GEO-MIN<\/a><\/li>\n\t\t<li class=\"wsp-post\"><a href=\"https:\/\/geo-min.com\/es\/seguridad\/\">Formaci\u00f3n especializada en seguridad laboral con GEO-MIN<\/a><\/li>\n\t\t<li class=\"wsp-post\"><a href=\"https:\/\/geo-min.com\/es\/gestion\/\">Servicios especializados en protecci\u00f3n y gesti\u00f3n del medio ambiente de GEO-MIN<\/a><\/li>\n\t\t<li class=\"wsp-post\"><a href=\"https:\/\/geo-min.com\/es\/tipos-de-proyectos-de-mineria\/\">Tipos de proyectos de miner\u00eda<\/a><\/li>\n\t\t<li class=\"wsp-post\"><a href=\"https:\/\/geo-min.com\/es\/descubre-los-servicios-de-geo-min-innovacion-y-excelencia-en-geologia-y-mineria\/\">Descubre los Servicios de Geo-Min: Innovaci\u00f3n y Excelencia en Geolog\u00eda y Miner\u00eda<\/a><\/li>\n\t\t<li class=\"wsp-post\"><a href=\"https:\/\/geo-min.com\/es\/la-mineria-del-futuro-innovaciones-y-desafios-para-una-industria-sostenible\/\">La Miner\u00eda del Futuro: Innovaciones y Desaf\u00edos para una Industria Sostenible<\/a><\/li>\n<\/ul><\/li>\n<\/ul>\n<\/div>\n","protected":false},"excerpt":{"rendered":"","protected":false},"author":1,"featured_media":0,"parent":0,"menu_order":0,"comment_status":"closed","ping_status":"closed","template":"","meta":{"_et_pb_use_builder":"","_et_pb_old_content":"","_et_gb_content_width":"","footnotes":""},"class_list":["post-180","page","type-page","status-publish","hentry"],"yoast_head":"<!-- This site is optimized with the Yoast SEO plugin v27.5 - https:\/\/yoast.com\/product\/yoast-seo-wordpress\/ -->\n<title>MAPA DEL SITIO - GEO-MIN | Oficina T\u00e8cnica Minera<\/title>\n<meta name=\"robots\" content=\"index, follow, max-snippet:-1, max-image-preview:large, max-video-preview:-1\" \/>\n<link rel=\"canonical\" href=\"https:\/\/geo-min.com\/mapa-del-sitio\/\" \/>\n<meta property=\"og:locale\" content=\"es_ES\" \/>\n<meta property=\"og:type\" content=\"article\" \/>\n<meta property=\"og:title\" content=\"MAPA DEL SITIO - GEO-MIN | Oficina T\u00e8cnica Minera\" \/>\n<meta property=\"og:url\" content=\"https:\/\/geo-min.com\/mapa-del-sitio\/\" \/>\n<meta property=\"og:site_name\" content=\"GEO-MIN | Oficina T\u00e8cnica Minera\" \/>\n<meta property=\"article:modified_time\" content=\"2024-08-27T06:58:39+00:00\" \/>\n<meta property=\"og:image\" content=\"https:\/\/geo-min.com\/wp-content\/uploads\/2024\/08\/maquina-minera.jpg\" \/>\n\t<meta property=\"og:image:width\" content=\"800\" \/>\n\t<meta property=\"og:image:height\" content=\"800\" \/>\n\t<meta property=\"og:image:type\" content=\"image\/jpeg\" \/>\n<meta name=\"twitter:label1\" content=\"Tiempo de lectura\" \/>\n\t<meta name=\"twitter:data1\" content=\"1 minuto\" \/>\n<script type=\"application\/ld+json\" class=\"yoast-schema-graph\">{\"@context\":\"https:\\\/\\\/schema.org\",\"@graph\":[{\"@type\":\"WebPage\",\"@id\":\"https:\\\/\\\/geo-min.com\\\/mapa-del-sitio\\\/\",\"url\":\"https:\\\/\\\/geo-min.com\\\/mapa-del-sitio\\\/\",\"name\":\"MAPA DEL SITIO - GEO-MIN | Oficina T\u00e8cnica Minera\",\"isPartOf\":{\"@id\":\"https:\\\/\\\/geo-min.com\\\/#website\"},\"datePublished\":\"2024-08-27T06:57:56+00:00\",\"dateModified\":\"2024-08-27T06:58:39+00:00\",\"breadcrumb\":{\"@id\":\"https:\\\/\\\/geo-min.com\\\/mapa-del-sitio\\\/#breadcrumb\"},\"inLanguage\":\"es\",\"potentialAction\":[{\"@type\":\"ReadAction\",\"target\":[\"https:\\\/\\\/geo-min.com\\\/mapa-del-sitio\\\/\"]}]},{\"@type\":\"BreadcrumbList\",\"@id\":\"https:\\\/\\\/geo-min.com\\\/mapa-del-sitio\\\/#breadcrumb\",\"itemListElement\":[{\"@type\":\"ListItem\",\"position\":1,\"name\":\"Portada\",\"item\":\"https:\\\/\\\/geo-min.com\\\/\"},{\"@type\":\"ListItem\",\"position\":2,\"name\":\"MAPA DEL SITIO\"}]},{\"@type\":\"WebSite\",\"@id\":\"https:\\\/\\\/geo-min.com\\\/#website\",\"url\":\"https:\\\/\\\/geo-min.com\\\/\",\"name\":\"GEO-MIN | Oficina T\u00e8cnica Minera\",\"description\":\"Construcci\u00f3n y legalizaci\u00f3n de pozos de agua, direcci\u00f3n de explotaciones mineras, y formaci\u00f3n en PRL, gesti\u00f3n de residuos y ambiental.\",\"publisher\":{\"@id\":\"https:\\\/\\\/geo-min.com\\\/#organization\"},\"alternateName\":\"T\u00e8cnics en Mineria\",\"potentialAction\":[{\"@type\":\"SearchAction\",\"target\":{\"@type\":\"EntryPoint\",\"urlTemplate\":\"https:\\\/\\\/geo-min.com\\\/?s={search_term_string}\"},\"query-input\":{\"@type\":\"PropertyValueSpecification\",\"valueRequired\":true,\"valueName\":\"search_term_string\"}}],\"inLanguage\":\"es\"},{\"@type\":\"Organization\",\"@id\":\"https:\\\/\\\/geo-min.com\\\/#organization\",\"name\":\"GEO-MIN | Oficina T\u00e8cnica Minera\",\"alternateName\":\"Geo-Min\",\"url\":\"https:\\\/\\\/geo-min.com\\\/\",\"logo\":{\"@type\":\"ImageObject\",\"inLanguage\":\"es\",\"@id\":\"https:\\\/\\\/geo-min.com\\\/#\\\/schema\\\/logo\\\/image\\\/\",\"url\":\"https:\\\/\\\/geo-min.com\\\/wp-content\\\/uploads\\\/2024\\\/08\\\/LOGO_Mesa-de-trabajo-1-copia-2.png\",\"contentUrl\":\"https:\\\/\\\/geo-min.com\\\/wp-content\\\/uploads\\\/2024\\\/08\\\/LOGO_Mesa-de-trabajo-1-copia-2.png\",\"width\":4501,\"height\":4500,\"caption\":\"GEO-MIN | Oficina T\u00e8cnica Minera\"},\"image\":{\"@id\":\"https:\\\/\\\/geo-min.com\\\/#\\\/schema\\\/logo\\\/image\\\/\"}}]}<\/script>\n<!-- \/ Yoast SEO plugin. -->","yoast_head_json":{"title":"MAPA DEL SITIO - GEO-MIN | Oficina T\u00e8cnica Minera","robots":{"index":"index","follow":"follow","max-snippet":"max-snippet:-1","max-image-preview":"max-image-preview:large","max-video-preview":"max-video-preview:-1"},"canonical":"https:\/\/geo-min.com\/mapa-del-sitio\/","og_locale":"es_ES","og_type":"article","og_title":"MAPA DEL SITIO - GEO-MIN | Oficina T\u00e8cnica Minera","og_url":"https:\/\/geo-min.com\/mapa-del-sitio\/","og_site_name":"GEO-MIN | Oficina T\u00e8cnica Minera","article_modified_time":"2024-08-27T06:58:39+00:00","og_image":[{"width":800,"height":800,"url":"https:\/\/geo-min.com\/wp-content\/uploads\/2024\/08\/maquina-minera.jpg","type":"image\/jpeg"}],"twitter_misc":{"Tiempo de lectura":"1 minuto"},"schema":{"@context":"https:\/\/schema.org","@graph":[{"@type":"WebPage","@id":"https:\/\/geo-min.com\/mapa-del-sitio\/","url":"https:\/\/geo-min.com\/mapa-del-sitio\/","name":"MAPA DEL SITIO - GEO-MIN | Oficina T\u00e8cnica Minera","isPartOf":{"@id":"https:\/\/geo-min.com\/#website"},"datePublished":"2024-08-27T06:57:56+00:00","dateModified":"2024-08-27T06:58:39+00:00","breadcrumb":{"@id":"https:\/\/geo-min.com\/mapa-del-sitio\/#breadcrumb"},"inLanguage":"es","potentialAction":[{"@type":"ReadAction","target":["https:\/\/geo-min.com\/mapa-del-sitio\/"]}]},{"@type":"BreadcrumbList","@id":"https:\/\/geo-min.com\/mapa-del-sitio\/#breadcrumb","itemListElement":[{"@type":"ListItem","position":1,"name":"Portada","item":"https:\/\/geo-min.com\/"},{"@type":"ListItem","position":2,"name":"MAPA DEL SITIO"}]},{"@type":"WebSite","@id":"https:\/\/geo-min.com\/#website","url":"https:\/\/geo-min.com\/","name":"GEO-MIN | Oficina T\u00e8cnica Minera","description":"Construcci\u00f3n y legalizaci\u00f3n de pozos de agua, direcci\u00f3n de explotaciones mineras, y formaci\u00f3n en PRL, gesti\u00f3n de residuos y ambiental.","publisher":{"@id":"https:\/\/geo-min.com\/#organization"},"alternateName":"T\u00e8cnics en Mineria","potentialAction":[{"@type":"SearchAction","target":{"@type":"EntryPoint","urlTemplate":"https:\/\/geo-min.com\/?s={search_term_string}"},"query-input":{"@type":"PropertyValueSpecification","valueRequired":true,"valueName":"search_term_string"}}],"inLanguage":"es"},{"@type":"Organization","@id":"https:\/\/geo-min.com\/#organization","name":"GEO-MIN | Oficina T\u00e8cnica Minera","alternateName":"Geo-Min","url":"https:\/\/geo-min.com\/","logo":{"@type":"ImageObject","inLanguage":"es","@id":"https:\/\/geo-min.com\/#\/schema\/logo\/image\/","url":"https:\/\/geo-min.com\/wp-content\/uploads\/2024\/08\/LOGO_Mesa-de-trabajo-1-copia-2.png","contentUrl":"https:\/\/geo-min.com\/wp-content\/uploads\/2024\/08\/LOGO_Mesa-de-trabajo-1-copia-2.png","width":4501,"height":4500,"caption":"GEO-MIN | Oficina T\u00e8cnica Minera"},"image":{"@id":"https:\/\/geo-min.com\/#\/schema\/logo\/image\/"}}]}},"_links":{"self":[{"href":"https:\/\/geo-min.com\/es\/wp-json\/wp\/v2\/pages\/180","targetHints":{"allow":["GET"]}}],"collection":[{"href":"https:\/\/geo-min.com\/es\/wp-json\/wp\/v2\/pages"}],"about":[{"href":"https:\/\/geo-min.com\/es\/wp-json\/wp\/v2\/types\/page"}],"author":[{"embeddable":true,"href":"https:\/\/geo-min.com\/es\/wp-json\/wp\/v2\/users\/1"}],"replies":[{"embeddable":true,"href":"https:\/\/geo-min.com\/es\/wp-json\/wp\/v2\/comments?post=180"}],"version-history":[{"count":1,"href":"https:\/\/geo-min.com\/es\/wp-json\/wp\/v2\/pages\/180\/revisions"}],"predecessor-version":[{"id":181,"href":"https:\/\/geo-min.com\/es\/wp-json\/wp\/v2\/pages\/180\/revisions\/181"}],"wp:attachment":[{"href":"https:\/\/geo-min.com\/es\/wp-json\/wp\/v2\/media?parent=180"}],"curies":[{"name":"wp","href":"https:\/\/api.w.org\/{rel}","templated":true}]}}